{"id":30,"date":"2020-06-15T10:09:28","date_gmt":"2020-06-15T10:09:28","guid":{"rendered":"https:\/\/schiele-pandemie-lust.shtetl.eu\/?page_id=30"},"modified":"2021-11-24T18:02:51","modified_gmt":"2021-11-24T18:02:51","slug":"impressum","status":"publish","type":"page","link":"https:\/\/verbrechen.shtetl.eu\/index.php\/impressum\/","title":{"rendered":"Impressum"},"content":{"rendered":"\t\t<div data-elementor-type=\"wp-page\" data-elementor-id=\"30\" class=\"elementor elementor-30\">\n\t\t\t\t\t\t<section class=\"elementor-section elementor-top-section elementor-element elementor-element-4b17ab74 elementor-section-boxed elementor-section-height-default elementor-section-height-default\" data-id=\"4b17ab74\" data-element_type=\"section\" data-e-type=\"section\">\n\t\t\t\t\t\t<div class=\"elementor-container elementor-column-gap-default\">\n\t\t\t\t\t<div class=\"elementor-column elementor-col-100 elementor-top-column elementor-element elementor-element-f515c6b\" data-id=\"f515c6b\" data-element_type=\"column\" data-e-type=\"column\">\n\t\t\t<div class=\"elementor-widget-wrap elementor-element-populated\">\n\t\t\t\t\t\t<div class=\"elementor-element elementor-element-33420738 elementor-widget elementor-widget-text-editor\" data-id=\"33420738\" data-element_type=\"widget\" data-e-type=\"widget\" data-widget_type=\"text-editor.default\">\n\t\t\t\t<div class=\"elementor-widget-container\">\n\t\t\t\t\t\t\t\t\t<p><span style=\"font-size: 12pt;\"><strong><span style=\"font-family: terminal, monaco, monospace;\"><em>shtetl<\/em><\/span><\/strong><\/span><br \/><span style=\"font-size: 12pt;\"><strong><span style=\"font-family: terminal, monaco, monospace;\">c\/o Ralf Kaupenjohann<\/span><\/strong><\/span><br \/><span style=\"font-size: 12pt;\"><strong><span style=\"font-family: terminal, monaco, monospace;\">Wuppertaler Str. 424 b<\/span><\/strong><\/span><br \/><span style=\"font-size: 12pt;\"><strong><span style=\"font-family: terminal, monaco, monospace;\">D-45259 Essen<\/span><\/strong><\/span><br \/><span style=\"font-size: 12pt;\"><strong><span style=\"font-family: terminal, monaco, monospace;\">0049 (0)201 \/ 466 85 37<\/span><\/strong><\/span><\/p><p><span style=\"font-size: 12pt;\"><strong><span style=\"font-family: terminal, monaco, monospace;\"><a href=\"mailto:ralf@kaupenjohann.de\" target=\"_blank\" rel=\"noopener noreferrer\">Mailkontakt<\/a><\/span><\/strong><\/span><\/p><h3 id=\"h1_Haftungsauschluss\" style=\"text-align: left;\"><span style=\"font-size: 12pt;\"><strong><span style=\"font-family: terminal, monaco, monospace;\">Haftungsauschluss<\/span><\/strong><\/span><\/h3><p style=\"text-align: left;\"><span style=\"font-size: 12pt;\"><strong><span style=\"font-family: terminal, monaco, monospace;\">Eine Haftung oder eine Garantie f\u00fcr Vollst\u00e4ndigkeit, Richtigkeit und Aktualit\u00e4t der Informationen und Daten k\u00f6nnen wir nicht \u00fcbernehmen. Diese Einschr\u00e4nkung gilt ebenso f\u00fcr alle anderen Webseiten, auf die von der Webseite <em>verbrechen.shtetl.eu<\/em> aus verlinkt wird. <em>shtetl <\/em>ist auch nicht verantwortlich f\u00fcr Webseiten, die \u00fcber einen Hyperlink erreicht werden.<\/span><\/strong><\/span><\/p><p style=\"text-align: left;\"><span style=\"font-size: 12pt;\"><strong><span style=\"font-family: terminal, monaco, monospace;\"><em>shtetl <\/em>beh\u00e4lt sich au\u00dferdem vor, \u00c4nderungen, Verbesserungen oder Erg\u00e4nzungen der bereitgestellten Informationen oder Daten ohne Ank\u00fcndigung vorzunehmen.<\/span><\/strong><\/span><\/p><p style=\"text-align: left;\"><span style=\"font-size: 12pt;\"><strong><span style=\"font-family: terminal, monaco, monospace;\">Der Inhalt der Webseite <em>verbrechen.shtetl.eu<\/em> ist urheberrechtlich gesch\u00fctzt, die Vervielf\u00e4ltigung von Informationen oder Daten, insbesondere die Verwendung von Texten, Textteilen oder Bildmaterial bedarf der vorherigen Zustimmung von <em>shtetl<\/em>.<\/span><\/strong><\/span><\/p><p style=\"text-align: left;\"><span style=\"font-size: 12pt;\"><strong><span style=\"font-family: terminal, monaco, monospace;\">S\u00e4mtliche Informationen oder Daten, ihre Nutzung sowie s\u00e4mtliches Tun, Dulden oder Unterlassen das mit der Website <em>verbrechen.shtetl.eu<\/em> zusammenh\u00e4ngt, unterliegen ausschlie\u00dflich deutschem Recht.<\/span><\/strong><\/span><\/p>\t\t\t\t\t\t\t\t<\/div>\n\t\t\t\t<\/div>\n\t\t\t\t\t<\/div>\n\t\t<\/div>\n\t\t\t\t\t<\/div>\n\t\t<\/section>\n\t\t\t\t<\/div>\n\t\t","protected":false},"excerpt":{"rendered":"<p>shtetlc\/o Ralf KaupenjohannWuppertaler Str. 424 bD-45259 Essen0049 (0)201 \/ 466 85 37 Mailkontakt Haftungsauschluss Eine Haftung oder eine Garantie f\u00fcr Vollst\u00e4ndigkeit, Richtigkeit und Aktualit\u00e4t der Informationen und Daten k\u00f6nnen wir nicht \u00fcbernehmen. Diese Einschr\u00e4nkung gilt ebenso f\u00fcr alle anderen Webseiten, auf die von der Webseite verbrechen.shtetl.eu aus verlinkt wird. shtetl ist auch nicht verantwortlich f\u00fcr Webseiten, die \u00fcber einen Hyperlink<\/p>\n<p><a class=\"more-link\" href=\"https:\/\/verbrechen.shtetl.eu\/index.php\/impressum\/\">Weiterlesen<\/a><\/p>\n","protected":false},"author":1,"featured_media":0,"parent":0,"menu_order":0,"comment_status":"closed","ping_status":"closed","template":"","meta":{"footnotes":""},"class_list":["post-30","page","type-page","status-publish","hentry"],"_links":{"self":[{"href":"https:\/\/verbrechen.shtetl.eu\/index.php\/wp-json\/wp\/v2\/pages\/30","targetHints":{"allow":["GET"]}}],"collection":[{"href":"https:\/\/verbrechen.shtetl.eu\/index.php\/wp-json\/wp\/v2\/pages"}],"about":[{"href":"https:\/\/verbrechen.shtetl.eu\/index.php\/wp-json\/wp\/v2\/types\/page"}],"author":[{"embeddable":true,"href":"https:\/\/verbrechen.shtetl.eu\/index.php\/wp-json\/wp\/v2\/users\/1"}],"replies":[{"embeddable":true,"href":"https:\/\/verbrechen.shtetl.eu\/index.php\/wp-json\/wp\/v2\/comments?post=30"}],"version-history":[{"count":9,"href":"https:\/\/verbrechen.shtetl.eu\/index.php\/wp-json\/wp\/v2\/pages\/30\/revisions"}],"predecessor-version":[{"id":292,"href":"https:\/\/verbrechen.shtetl.eu\/index.php\/wp-json\/wp\/v2\/pages\/30\/revisions\/292"}],"wp:attachment":[{"href":"https:\/\/verbrechen.shtetl.eu\/index.php\/wp-json\/wp\/v2\/media?parent=30"}],"curies":[{"name":"wp","href":"https:\/\/api.w.org\/{rel}","templated":true}]}}